{"id":441,"date":"2022-10-27T15:20:46","date_gmt":"2022-10-27T13:20:46","guid":{"rendered":"https:\/\/erkis-plast.de\/goeruentue-video\/"},"modified":"2022-10-27T15:20:46","modified_gmt":"2022-10-27T13:20:46","slug":"goeruentue-video","status":"publish","type":"page","link":"https:\/\/erkis-plast.de\/tr\/goeruentue-video\/","title":{"rendered":"G\u00f6r\u00fcnt\u00fc Video"},"content":{"rendered":"<div style=\"width: 1140px;\" class=\"wp-video\"><!--[if lt IE 9]><script>document.createElement('video');<\/script><![endif]-->\n<video class=\"wp-video-shortcode\" id=\"video-441-1\" width=\"1140\" height=\"641\" preload=\"metadata\" controls=\"controls\"><source type=\"video\/mp4\" src=\"https:\/\/erkis-plast.de\/wp-content\/uploads\/2020\/08\/Erkis-Plast-Deutsch_08-05-2020-1.mp4?_=1\" \/><source type=\"video\/webm\" src=\"https:\/\/erkis-plast.de\/wp-content\/uploads\/2020\/08\/Erkis-Plast-Deutsch_08-05-2020.webm?_=1\" \/><a href=\"https:\/\/erkis-plast.de\/wp-content\/uploads\/2020\/08\/Erkis-Plast-Deutsch_08-05-2020-1.mp4\">https:\/\/erkis-plast.de\/wp-content\/uploads\/2020\/08\/Erkis-Plast-Deutsch_08-05-2020-1.mp4<\/a><\/video><\/div>","protected":false},"excerpt":{"rendered":"","protected":false},"author":1,"featured_media":0,"parent":0,"menu_order":0,"comment_status":"closed","ping_status":"closed","template":"","meta":[],"_links":{"self":[{"href":"https:\/\/erkis-plast.de\/tr\/wp-json\/wp\/v2\/pages\/441"}],"collection":[{"href":"https:\/\/erkis-plast.de\/tr\/wp-json\/wp\/v2\/pages"}],"about":[{"href":"https:\/\/erkis-plast.de\/tr\/wp-json\/wp\/v2\/types\/page"}],"author":[{"embeddable":true,"href":"https:\/\/erkis-plast.de\/tr\/wp-json\/wp\/v2\/users\/1"}],"replies":[{"embeddable":true,"href":"https:\/\/erkis-plast.de\/tr\/wp-json\/wp\/v2\/comments?post=441"}],"version-history":[{"count":0,"href":"https:\/\/erkis-plast.de\/tr\/wp-json\/wp\/v2\/pages\/441\/revisions"}],"wp:attachment":[{"href":"https:\/\/erkis-plast.de\/tr\/wp-json\/wp\/v2\/media?parent=441"}],"curies":[{"name":"wp","href":"https:\/\/api.w.org\/{rel}","templated":true}]}}