{"id":440,"date":"2022-10-27T15:18:55","date_gmt":"2022-10-27T13:18:55","guid":{"rendered":"https:\/\/erkis-plast.de\/taslama\/"},"modified":"2022-10-27T15:18:55","modified_gmt":"2022-10-27T13:18:55","slug":"taslama","status":"publish","type":"page","link":"https:\/\/erkis-plast.de\/tr\/taslama\/","title":{"rendered":"Ta\u015flama"},"content":{"rendered":"<h1>Ta\u015flama<\/h1>\n<p>En modern teknoloji ile \u00f6\u011f\u00fct\u00fcyoruz. \u0130yi d\u00fc\u015f\u00fcn\u00fclm\u00fc\u015f ve pratik \u00e7evre birimleriyle birlikte m\u00fc\u015fterilerimize maksimum kalite ve esnekli\u011fi garanti ediyoruz.<\/p>\n<p>Hassas ta\u015flama, uygun toz giderme ve metal ay\u0131r\u0131c\u0131lar, \u00f6\u011f\u00fct\u00fclm\u00fc\u015f malzemenin m\u00fcmk\u00fcn olan en iyi kalitede olmas\u0131n\u0131 sa\u011flar.<\/p>\n<p><img loading=\"lazy\" class=\"aligncenter wp-image-179 size-full\" src=\"https:\/\/erkis-plast.de\/wp-content\/uploads\/2020\/01\/erkis-plast-produkte-8.jpg\" alt=\"\" width=\"1920\" height=\"560\" srcset=\"https:\/\/erkis-plast.de\/wp-content\/uploads\/2020\/01\/erkis-plast-produkte-8.jpg 1920w, https:\/\/erkis-plast.de\/wp-content\/uploads\/2020\/01\/erkis-plast-produkte-8-300x88.jpg 300w, https:\/\/erkis-plast.de\/wp-content\/uploads\/2020\/01\/erkis-plast-produkte-8-768x224.jpg 768w, https:\/\/erkis-plast.de\/wp-content\/uploads\/2020\/01\/erkis-plast-produkte-8-1024x299.jpg 1024w, https:\/\/erkis-plast.de\/wp-content\/uploads\/2020\/01\/erkis-plast-produkte-8-1140x333.jpg 1140w, https:\/\/erkis-plast.de\/wp-content\/uploads\/2020\/01\/erkis-plast-produkte-8-555x162.jpg 555w, https:\/\/erkis-plast.de\/wp-content\/uploads\/2020\/01\/erkis-plast-produkte-8-360x105.jpg 360w, https:\/\/erkis-plast.de\/wp-content\/uploads\/2020\/01\/erkis-plast-produkte-8-262x76.jpg 262w\" sizes=\"(max-width: 1920px) 100vw, 1920px\" \/><\/p>\n<div id='gallery-1' class='gallery galleryid-440 gallery-columns-6 gallery-size-thumbnail'><figure class='gallery-item'>\n\t\t\t<div class='gallery-icon landscape'>\n\t\t\t\t<a href='https:\/\/erkis-plast.de\/wp-content\/uploads\/2020\/01\/erkis-plast-produkte-2.jpg'><img width=\"150\" height=\"150\" src=\"https:\/\/erkis-plast.de\/wp-content\/uploads\/2020\/01\/erkis-plast-produkte-2-150x150.jpg\" class=\"attachment-thumbnail size-thumbnail\" alt=\"\" loading=\"lazy\" srcset=\"https:\/\/erkis-plast.de\/wp-content\/uploads\/2020\/01\/erkis-plast-produkte-2-150x150.jpg 150w, https:\/\/erkis-plast.de\/wp-content\/uploads\/2020\/01\/erkis-plast-produkte-2-60x60.jpg 60w, https:\/\/erkis-plast.de\/wp-content\/uploads\/2020\/01\/erkis-plast-produkte-2-43x43.jpg 43w\" sizes=\"(max-width: 150px) 100vw, 150px\" \/><\/a>\n\t\t\t<\/div><\/figure><figure class='gallery-item'>\n\t\t\t<div class='gallery-icon landscape'>\n\t\t\t\t<a href='https:\/\/erkis-plast.de\/wp-content\/uploads\/2020\/01\/erkis-plast-produkte-6.jpg'><img width=\"150\" height=\"150\" src=\"https:\/\/erkis-plast.de\/wp-content\/uploads\/2020\/01\/erkis-plast-produkte-6-150x150.jpg\" class=\"attachment-thumbnail size-thumbnail\" alt=\"\" loading=\"lazy\" srcset=\"https:\/\/erkis-plast.de\/wp-content\/uploads\/2020\/01\/erkis-plast-produkte-6-150x150.jpg 150w, https:\/\/erkis-plast.de\/wp-content\/uploads\/2020\/01\/erkis-plast-produkte-6-60x60.jpg 60w, https:\/\/erkis-plast.de\/wp-content\/uploads\/2020\/01\/erkis-plast-produkte-6-43x43.jpg 43w\" sizes=\"(max-width: 150px) 100vw, 150px\" \/><\/a>\n\t\t\t<\/div><\/figure><figure class='gallery-item'>\n\t\t\t<div class='gallery-icon landscape'>\n\t\t\t\t<a href='https:\/\/erkis-plast.de\/wp-content\/uploads\/2020\/01\/erkis-plast-produkte-5.jpg'><img width=\"150\" height=\"150\" src=\"https:\/\/erkis-plast.de\/wp-content\/uploads\/2020\/01\/erkis-plast-produkte-5-150x150.jpg\" class=\"attachment-thumbnail size-thumbnail\" alt=\"\" loading=\"lazy\" srcset=\"https:\/\/erkis-plast.de\/wp-content\/uploads\/2020\/01\/erkis-plast-produkte-5-150x150.jpg 150w, https:\/\/erkis-plast.de\/wp-content\/uploads\/2020\/01\/erkis-plast-produkte-5-60x60.jpg 60w, https:\/\/erkis-plast.de\/wp-content\/uploads\/2020\/01\/erkis-plast-produkte-5-43x43.jpg 43w\" sizes=\"(max-width: 150px) 100vw, 150px\" \/><\/a>\n\t\t\t<\/div><\/figure><figure class='gallery-item'>\n\t\t\t<div class='gallery-icon landscape'>\n\t\t\t\t<a href='https:\/\/erkis-plast.de\/wp-content\/uploads\/2020\/01\/erkis-plast-produkte-4.jpg'><img width=\"150\" height=\"150\" src=\"https:\/\/erkis-plast.de\/wp-content\/uploads\/2020\/01\/erkis-plast-produkte-4-150x150.jpg\" class=\"attachment-thumbnail size-thumbnail\" alt=\"\" loading=\"lazy\" srcset=\"https:\/\/erkis-plast.de\/wp-content\/uploads\/2020\/01\/erkis-plast-produkte-4-150x150.jpg 150w, https:\/\/erkis-plast.de\/wp-content\/uploads\/2020\/01\/erkis-plast-produkte-4-60x60.jpg 60w, https:\/\/erkis-plast.de\/wp-content\/uploads\/2020\/01\/erkis-plast-produkte-4-43x43.jpg 43w\" sizes=\"(max-width: 150px) 100vw, 150px\" \/><\/a>\n\t\t\t<\/div><\/figure><figure class='gallery-item'>\n\t\t\t<div class='gallery-icon landscape'>\n\t\t\t\t<a href='https:\/\/erkis-plast.de\/wp-content\/uploads\/2020\/01\/erkis-plast-produkte-3.jpg'><img width=\"150\" height=\"150\" src=\"https:\/\/erkis-plast.de\/wp-content\/uploads\/2020\/01\/erkis-plast-produkte-3-150x150.jpg\" class=\"attachment-thumbnail size-thumbnail\" alt=\"\" loading=\"lazy\" srcset=\"https:\/\/erkis-plast.de\/wp-content\/uploads\/2020\/01\/erkis-plast-produkte-3-150x150.jpg 150w, https:\/\/erkis-plast.de\/wp-content\/uploads\/2020\/01\/erkis-plast-produkte-3-60x60.jpg 60w, https:\/\/erkis-plast.de\/wp-content\/uploads\/2020\/01\/erkis-plast-produkte-3-43x43.jpg 43w\" sizes=\"(max-width: 150px) 100vw, 150px\" \/><\/a>\n\t\t\t<\/div><\/figure><figure class='gallery-item'>\n\t\t\t<div class='gallery-icon landscape'>\n\t\t\t\t<a href='https:\/\/erkis-plast.de\/wp-content\/uploads\/2020\/01\/img_7168.jpg'><img width=\"150\" height=\"150\" src=\"https:\/\/erkis-plast.de\/wp-content\/uploads\/2020\/01\/img_7168-150x150.jpg\" class=\"attachment-thumbnail size-thumbnail\" alt=\"\" loading=\"lazy\" srcset=\"https:\/\/erkis-plast.de\/wp-content\/uploads\/2020\/01\/img_7168-150x150.jpg 150w, https:\/\/erkis-plast.de\/wp-content\/uploads\/2020\/01\/img_7168-60x60.jpg 60w, https:\/\/erkis-plast.de\/wp-content\/uploads\/2020\/01\/img_7168-43x43.jpg 43w\" sizes=\"(max-width: 150px) 100vw, 150px\" \/><\/a>\n\t\t\t<\/div><\/figure>\n\t\t<\/div>\n","protected":false},"excerpt":{"rendered":"<p>Ta\u015flama En modern teknoloji ile \u00f6\u011f\u00fct\u00fcyoruz. \u0130yi d\u00fc\u015f\u00fcn\u00fclm\u00fc\u015f ve pratik \u00e7evre birimleriyle birlikte m\u00fc\u015fterilerimize maksimum kalite ve esnekli\u011fi garanti ediyoruz. Hassas ta\u015flama, uygun toz giderme ve metal ay\u0131r\u0131c\u0131lar, \u00f6\u011f\u00fct\u00fclm\u00fc\u015f malzemenin m\u00fcmk\u00fcn olan en iyi kalitede olmas\u0131n\u0131 sa\u011flar.<\/p>\n","protected":false},"author":1,"featured_media":0,"parent":0,"menu_order":0,"comment_status":"closed","ping_status":"closed","template":"","meta":[],"_links":{"self":[{"href":"https:\/\/erkis-plast.de\/tr\/wp-json\/wp\/v2\/pages\/440"}],"collection":[{"href":"https:\/\/erkis-plast.de\/tr\/wp-json\/wp\/v2\/pages"}],"about":[{"href":"https:\/\/erkis-plast.de\/tr\/wp-json\/wp\/v2\/types\/page"}],"author":[{"embeddable":true,"href":"https:\/\/erkis-plast.de\/tr\/wp-json\/wp\/v2\/users\/1"}],"replies":[{"embeddable":true,"href":"https:\/\/erkis-plast.de\/tr\/wp-json\/wp\/v2\/comments?post=440"}],"version-history":[{"count":0,"href":"https:\/\/erkis-plast.de\/tr\/wp-json\/wp\/v2\/pages\/440\/revisions"}],"wp:attachment":[{"href":"https:\/\/erkis-plast.de\/tr\/wp-json\/wp\/v2\/media?parent=440"}],"curies":[{"name":"wp","href":"https:\/\/api.w.org\/{rel}","templated":true}]}}