{"id":438,"date":"2022-10-27T15:17:10","date_gmt":"2022-10-27T13:17:10","guid":{"rendered":"https:\/\/erkis-plast.de\/bilesik\/"},"modified":"2022-10-27T15:17:10","modified_gmt":"2022-10-27T13:17:10","slug":"bilesik","status":"publish","type":"page","link":"https:\/\/erkis-plast.de\/tr\/bilesik\/","title":{"rendered":"Bile\u015fik"},"content":{"rendered":"<h1>Bile\u015fik<\/h1>\n<p>Teknik ve y\u00fcksek teknolojili termoplastiklerin bile\u015fimi alan\u0131nda uzun y\u0131llara dayanan deneyimimiz ve bunun sonucunda edindi\u011fimiz bilgi birikimi, m\u00fc\u015fteri gereksinimlerine g\u00f6re uyarlanm\u0131\u015f \u00fcr\u00fcnler \u00fcretmemizi sa\u011fl\u0131yor.<\/p>\n<p>\u00dcr\u00fcn fikirlerinizin ba\u015far\u0131l\u0131 bir \u015fekilde hayata ge\u00e7irilmesi i\u00e7in \u00f6zel olarak tasarlanm\u0131\u015f malzemelerimiz var ve t\u00fcm form\u00fclasyonlar\u0131n uzun vadeli teslimat\u0131n\u0131 garanti ediyoruz.<\/p>","protected":false},"excerpt":{"rendered":"<p>Bile\u015fik Teknik ve y\u00fcksek teknolojili termoplastiklerin bile\u015fimi alan\u0131nda uzun y\u0131llara dayanan deneyimimiz ve bunun sonucunda edindi\u011fimiz bilgi birikimi, m\u00fc\u015fteri gereksinimlerine g\u00f6re uyarlanm\u0131\u015f \u00fcr\u00fcnler \u00fcretmemizi sa\u011fl\u0131yor. \u00dcr\u00fcn fikirlerinizin ba\u015far\u0131l\u0131 bir \u015fekilde hayata ge\u00e7irilmesi i\u00e7in \u00f6zel olarak tasarlanm\u0131\u015f malzemelerimiz var ve t\u00fcm form\u00fclasyonlar\u0131n uzun vadeli teslimat\u0131n\u0131 garanti ediyoruz.<\/p>\n","protected":false},"author":1,"featured_media":0,"parent":0,"menu_order":0,"comment_status":"closed","ping_status":"closed","template":"","meta":[],"_links":{"self":[{"href":"https:\/\/erkis-plast.de\/tr\/wp-json\/wp\/v2\/pages\/438"}],"collection":[{"href":"https:\/\/erkis-plast.de\/tr\/wp-json\/wp\/v2\/pages"}],"about":[{"href":"https:\/\/erkis-plast.de\/tr\/wp-json\/wp\/v2\/types\/page"}],"author":[{"embeddable":true,"href":"https:\/\/erkis-plast.de\/tr\/wp-json\/wp\/v2\/users\/1"}],"replies":[{"embeddable":true,"href":"https:\/\/erkis-plast.de\/tr\/wp-json\/wp\/v2\/comments?post=438"}],"version-history":[{"count":0,"href":"https:\/\/erkis-plast.de\/tr\/wp-json\/wp\/v2\/pages\/438\/revisions"}],"wp:attachment":[{"href":"https:\/\/erkis-plast.de\/tr\/wp-json\/wp\/v2\/media?parent=438"}],"curies":[{"name":"wp","href":"https:\/\/api.w.org\/{rel}","templated":true}]}}