{"id":437,"date":"2022-10-27T15:15:16","date_gmt":"2022-10-27T13:15:16","guid":{"rendered":"https:\/\/erkis-plast.de\/anasayfa\/"},"modified":"2022-10-27T15:38:58","modified_gmt":"2022-10-27T13:38:58","slug":"anasayfa","status":"publish","type":"page","link":"https:\/\/erkis-plast.de\/tr\/","title":{"rendered":"Anasayfa"},"content":{"rendered":"<div class=\"row \"><div class=\"wpv-grid grid-1-2  wpv-first-level first unextended\" style=\"padding-top:0px;padding-bottom:0px\" id=\"wpv-column-baff58b9cb38e3f1ec7b7b1dcaee72cf\" >\t\t<div class=\"sep-text single centered\">\n\t\t\t\t\t\t\t<span class=\"sep-text-before\"><div class=\"sep-text-line\"><\/div><\/span>\n\t\t\t\t\t\t<div class=\"content\">\n\t\t\t\t<h2 class=\"text-divider-double\">SATIN ALIYORUZ<\/h2>\t\t\t<\/div>\n\t\t\t<span class=\"sep-text-after\"><div class=\"sep-text-line\"><\/div><\/span>\n\t\t\t\t\t<\/div>\n\t<p>Plastik at\u0131klar\u0131n sat\u0131n al\u0131nmas\u0131 ve toplanmas\u0131:<\/p>\n<ul>\n<li>Yolluklar<\/li>\n<li>K\u00f6t\u00fc par\u00e7alar<\/li>\n<li>Topak<\/li>\n<\/ul>\n<p><img loading=\"lazy\" class=\"aligncenter size-full wp-image-228\" src=\"https:\/\/erkis-plast.de\/wp-content\/uploads\/2020\/02\/erkis-plast-plakate-1.jpg\" alt=\"\" width=\"603\" height=\"1000\" srcset=\"https:\/\/erkis-plast.de\/wp-content\/uploads\/2020\/02\/erkis-plast-plakate-1.jpg 603w, https:\/\/erkis-plast.de\/wp-content\/uploads\/2020\/02\/erkis-plast-plakate-1-181x300.jpg 181w, https:\/\/erkis-plast.de\/wp-content\/uploads\/2020\/02\/erkis-plast-plakate-1-555x920.jpg 555w, https:\/\/erkis-plast.de\/wp-content\/uploads\/2020\/02\/erkis-plast-plakate-1-360x597.jpg 360w, https:\/\/erkis-plast.de\/wp-content\/uploads\/2020\/02\/erkis-plast-plakate-1-262x434.jpg 262w\" sizes=\"(max-width: 603px) 100vw, 603px\" \/><\/div>\n<div class=\"wpv-grid grid-1-2  wpv-first-level unextended\" style=\"padding-top:0px;padding-bottom:0px\" id=\"wpv-column-33c8e7e771a90ed3a264d246c862247c\" >\t\t<div class=\"sep-text single centered\">\n\t\t\t\t\t\t\t<span class=\"sep-text-before\"><div class=\"sep-text-line\"><\/div><\/span>\n\t\t\t\t\t\t<div class=\"content\">\n\t\t\t\t<h2 class=\"text-divider-double\">TESLIM EDIYOR VE GER\u00c7EKLE\u015eTIRIYORUZ<\/h2>\t\t\t<\/div>\n\t\t\t<span class=\"sep-text-after\"><div class=\"sep-text-line\"><\/div><\/span>\n\t\t\t\t\t<\/div>\n\t<p>Regran\u00fclat\u00f6rler, end\u00fcstriyel nitelikler ve Yeniden Bile\u015fikler, Yeni mal ba\u011flant\u0131lar\u0131, \u00d6zel bile\u015fikler. Bile\u015fim ve s\u00f6zle\u015fmeli gran\u00fclasyon<\/p>\n<div class=\"push\" style='height:53px'><\/div>\n<p><img loading=\"lazy\" class=\"aligncenter size-full wp-image-226\" src=\"https:\/\/erkis-plast.de\/wp-content\/uploads\/2020\/02\/erkis-plast-plakate-2.jpg\" alt=\"\" width=\"606\" height=\"1000\" srcset=\"https:\/\/erkis-plast.de\/wp-content\/uploads\/2020\/02\/erkis-plast-plakate-2.jpg 606w, https:\/\/erkis-plast.de\/wp-content\/uploads\/2020\/02\/erkis-plast-plakate-2-182x300.jpg 182w, https:\/\/erkis-plast.de\/wp-content\/uploads\/2020\/02\/erkis-plast-plakate-2-555x916.jpg 555w, https:\/\/erkis-plast.de\/wp-content\/uploads\/2020\/02\/erkis-plast-plakate-2-360x594.jpg 360w, https:\/\/erkis-plast.de\/wp-content\/uploads\/2020\/02\/erkis-plast-plakate-2-262x432.jpg 262w\" sizes=\"(max-width: 606px) 100vw, 606px\" \/><\/div><\/div>","protected":false},"excerpt":{"rendered":"<p>Plastik at\u0131klar\u0131n sat\u0131n al\u0131nmas\u0131 ve toplanmas\u0131: Yolluklar K\u00f6t\u00fc par\u00e7alar Topak Regran\u00fclat\u00f6rler, end\u00fcstriyel nitelikler ve Yeniden Bile\u015fikler, Yeni mal ba\u011flant\u0131lar\u0131, \u00d6zel bile\u015fikler. Bile\u015fim ve s\u00f6zle\u015fmeli gran\u00fclasyon<\/p>\n","protected":false},"author":1,"featured_media":0,"parent":0,"menu_order":0,"comment_status":"closed","ping_status":"closed","template":"","meta":[],"_links":{"self":[{"href":"https:\/\/erkis-plast.de\/tr\/wp-json\/wp\/v2\/pages\/437"}],"collection":[{"href":"https:\/\/erkis-plast.de\/tr\/wp-json\/wp\/v2\/pages"}],"about":[{"href":"https:\/\/erkis-plast.de\/tr\/wp-json\/wp\/v2\/types\/page"}],"author":[{"embeddable":true,"href":"https:\/\/erkis-plast.de\/tr\/wp-json\/wp\/v2\/users\/1"}],"replies":[{"embeddable":true,"href":"https:\/\/erkis-plast.de\/tr\/wp-json\/wp\/v2\/comments?post=437"}],"version-history":[{"count":1,"href":"https:\/\/erkis-plast.de\/tr\/wp-json\/wp\/v2\/pages\/437\/revisions"}],"predecessor-version":[{"id":450,"href":"https:\/\/erkis-plast.de\/tr\/wp-json\/wp\/v2\/pages\/437\/revisions\/450"}],"wp:attachment":[{"href":"https:\/\/erkis-plast.de\/tr\/wp-json\/wp\/v2\/media?parent=437"}],"curies":[{"name":"wp","href":"https:\/\/api.w.org\/{rel}","templated":true}]}}